{"id":78,"date":"2011-09-20T18:20:00","date_gmt":"2011-09-20T16:20:00","guid":{"rendered":"http:\/\/www.mediensindschoen.de\/?page_id=78"},"modified":"2019-04-25T21:29:48","modified_gmt":"2019-04-25T19:29:48","slug":"angebot","status":"publish","type":"page","link":"https:\/\/www.mediensindschoen.de\/?page_id=78","title":{"rendered":"Angebot"},"content":{"rendered":"<p><strong>Sie suchen einen unkomplizierten Autor und Reporter? Eine geschulte Stimme? Einen Trainer f\u00fcr Ihre Seminareinheit? Einen Diplom-Journalisten, der sich in vielen Medienbereichen auskennt? Einen Produzenten und Regisseur f\u00fcr Ihre Doku? Neue Format-Ideen und Medien-Konzepte?<br \/>\n<\/strong><\/p>\n<p>Ich biete Ihnen:<\/p>\n<ul>\n<li>Berichte und Reportagen (Audio und Video)<\/li>\n<li>Meine Stimme als Sprecher<\/li>\n<li>Produktion von Radiowerbespots, Trailern, Audio-Layouts<\/li>\n<li>Texte und Textoptimierung<\/li>\n<li>Konzeption, Regie-Arbeit, Produktion f\u00fcr Ihr Firmenportrait\/Ihren Imagefilm<\/li>\n<li>Medienberatung, Musikberatung<\/li>\n<li>Medientraining, Seminare zu journalistischen Themen und Pressearbeit, Trailer-Workshops (Audio + Video)<\/li>\n<li>Moderation<\/li>\n<\/ul>\n<p style=\"margin-bottom: 0cm;\">Sollten f\u00fcr Ihr Projekt Arbeiten n\u00f6tig sein, die nicht in mein Gewerk fallen, kann ich auf ein sehr gutes Netzwerk aus Freiberuflern, Produktionsfirmen und kleineren Agenturen zur\u00fcck greifen. Je nach Bedarf kann ich sie entweder selbst hinzu ziehen, oder auf Wunsch den Kontakt vermitteln.<\/p>\n<p style=\"margin-bottom: 0cm;\">Mit im Gep\u00e4ck: ein ausgepr\u00e4gtes Gesp\u00fcr f\u00fcr gutes Design und f\u00fcr Stil. Au\u00dferdem: Erfahrungen in F\u00fchrungsaufgaben und im Bereich Projektsteuerung und Ablaufkoordination.<\/p>\n<p style=\"margin-bottom: 0cm;\">Nicht zuletzt auch durch die fr\u00fchere T\u00e4tigkeit als Diplom-Sozialp\u00e4dagoge bringe ich sensible Antennen mit f\u00fcr Zwischenmenschliches und Stimmungen sowie f\u00fcr Motivation und Anleitung von Mitarbeitern.<\/p>\n<p style=\"margin-bottom: 0cm;\">Und nun d\u00fcrfen Sie mich fordern! Mit:<\/p>\n<ul>\n<li>Auftr\u00e4gen | Angeboten | Kooperationen<\/li>\n<\/ul>\n<p>Nehmen Sie bitte gerne <a href=\"http:\/\/www.mediensindschoen.de\/?page_id=75\">Kontakt<\/a> mit mir auf.<\/p>\n<p>Mehr \u00fcber mich erfahren Sie im <a href=\"http:\/\/www.mediensindschoen.de\/?page_id=12\">Steckbrief<\/a>, beim Men\u00fcpunkt <a href=\"http:\/\/www.mediensindschoen.de\/?page_id=56\">Arbeiten<\/a> und unter <a href=\"http:\/\/www.mediensindschoen.de\/?page_id=234\">Kostproben<\/a>.<\/p>\n","protected":false},"excerpt":{"rendered":"<p>Sie suchen einen unkomplizierten Autor und Reporter? Eine geschulte Stimme? Einen Trainer f\u00fcr Ihre Seminareinheit? Einen Diplom-Journalisten, der sich in vielen Medienbereichen auskennt? Einen Produzenten und Regisseur f\u00fcr Ihre Doku? Neue Format-Ideen und Medien-Konzepte? Ich biete Ihnen: Berichte und Reportagen&#8230; <a class=\"more-link\" href=\"https:\/\/www.mediensindschoen.de\/?page_id=78\">Weiterlesen &rarr;<\/a><\/p>\n","protected":false},"author":1,"featured_media":0,"parent":0,"menu_order":0,"comment_status":"closed","ping_status":"open","template":"","meta":{"__cvm_playback_settings":[],"__cvm_video_id":""},"_links":{"self":[{"href":"https:\/\/www.mediensindschoen.de\/index.php?rest_route=\/wp\/v2\/pages\/78"}],"collection":[{"href":"https:\/\/www.mediensindschoen.de\/index.php?rest_route=\/wp\/v2\/pages"}],"about":[{"href":"https:\/\/www.mediensindschoen.de\/index.php?rest_route=\/wp\/v2\/types\/page"}],"author":[{"embeddable":true,"href":"https:\/\/www.mediensindschoen.de\/index.php?rest_route=\/wp\/v2\/users\/1"}],"replies":[{"embeddable":true,"href":"https:\/\/www.mediensindschoen.de\/index.php?rest_route=%2Fwp%2Fv2%2Fcomments&post=78"}],"version-history":[{"count":32,"href":"https:\/\/www.mediensindschoen.de\/index.php?rest_route=\/wp\/v2\/pages\/78\/revisions"}],"predecessor-version":[{"id":1036,"href":"https:\/\/www.mediensindschoen.de\/index.php?rest_route=\/wp\/v2\/pages\/78\/revisions\/1036"}],"wp:attachment":[{"href":"https:\/\/www.mediensindschoen.de\/index.php?rest_route=%2Fwp%2Fv2%2Fmedia&parent=78"}],"curies":[{"name":"wp","href":"https:\/\/api.w.org\/{rel}","templated":true}]}}