{"id":234,"date":"2014-02-09T13:55:25","date_gmt":"2014-02-09T11:55:25","guid":{"rendered":"http:\/\/www.mediensindschoen.de\/?page_id=234"},"modified":"2018-05-21T21:32:37","modified_gmt":"2018-05-21T19:32:37","slug":"kostproben","status":"publish","type":"page","link":"https:\/\/www.mediensindschoen.de\/?page_id=234","title":{"rendered":"Kostproben"},"content":{"rendered":"<p><strong>Den Sch\u00f6n zum Sehen &#8211; den Sch\u00f6n zum H\u00f6ren &#8211; den Sch\u00f6n zum Lesen.<\/strong><\/p>\n<p>Das alles gibt es hier. Kostproben meiner Arbeit in einer Zusammenschau.<\/p>\n<p>&#8222;<a href=\"http:\/\/www.mediensindschoen.de\/?cat=7\">Kostproben Audio<\/a>&#8220; &#8211; hier finden sich Radio-Beitr\u00e4ge, H\u00f6rfunk-Reportagen, Jingles und Trailer, Stimmproben oder Werbespots.<\/p>\n<p>&#8222;<a href=\"http:\/\/www.mediensindschoen.de\/?cat=21\">Kostproben Online<\/a>&#8220; &#8211; darunter sortiere ich Musterst\u00fccke meiner Online-Texte ein.<\/p>\n<p>Die Kategorie &#8222;Kostproben Video&#8220; habe ich in unterschiedliche Ressorts aufgeteilt. Denn da ich gr\u00f6\u00dftenteils f\u00fcr das Fernsehen arbeite, sind die Videos hier in der Mehrzahl und man kann leicht die \u00dcbersicht verlieren.<\/p>\n<ul>\n<li><a href=\"http:\/\/www.mediensindschoen.de\/?cat=31\">Video | Doku (lang) <\/a><\/li>\n<li><a href=\"http:\/\/www.mediensindschoen.de\/?cat=30\">Video | Medizin &amp; Wissenschaft <\/a><\/li>\n<li><a href=\"http:\/\/www.mediensindschoen.de\/?cat=20\">Video | Musik &amp; Kultur <\/a><\/li>\n<li><a href=\"http:\/\/www.mediensindschoen.de\/?cat=29\">Video | Reportagen <\/a><\/li>\n<li><a href=\"http:\/\/www.mediensindschoen.de\/?cat=33\">Video | Soziales &amp; Panorama <\/a><\/li>\n<\/ul>\n<p>Ich verlinke haupts\u00e4chlich ausgew\u00e4hlte Beitr\u00e4ge, die in den Mediatheken der Sender, f\u00fcr die ich arbeite, zu sehen sind. Diese haben in der Regel eine Verweildauer. Nach einem Jahr oder nach 7 Tagen m\u00fcssen sie aus dem Netz genommen (&#8222;depubliziert&#8220;) werden. Auch Video-Beitr\u00e4ge, die bei YouTube oder anderswo im Netz zu finden sind, stelle ich hier ein.<\/p>\n<p>&nbsp;<\/p>\n","protected":false},"excerpt":{"rendered":"<p>Den Sch\u00f6n zum Sehen &#8211; den Sch\u00f6n zum H\u00f6ren &#8211; den Sch\u00f6n zum Lesen. Das alles gibt es hier. Kostproben meiner Arbeit in einer Zusammenschau. &#8222;Kostproben Audio&#8220; &#8211; hier finden sich Radio-Beitr\u00e4ge, H\u00f6rfunk-Reportagen, Jingles und Trailer, Stimmproben oder Werbespots. &#8222;Kostproben&#8230; <a class=\"more-link\" href=\"https:\/\/www.mediensindschoen.de\/?page_id=234\">Weiterlesen &rarr;<\/a><\/p>\n","protected":false},"author":1,"featured_media":0,"parent":0,"menu_order":0,"comment_status":"closed","ping_status":"open","template":"","meta":{"__cvm_playback_settings":[],"__cvm_video_id":""},"_links":{"self":[{"href":"https:\/\/www.mediensindschoen.de\/index.php?rest_route=\/wp\/v2\/pages\/234"}],"collection":[{"href":"https:\/\/www.mediensindschoen.de\/index.php?rest_route=\/wp\/v2\/pages"}],"about":[{"href":"https:\/\/www.mediensindschoen.de\/index.php?rest_route=\/wp\/v2\/types\/page"}],"author":[{"embeddable":true,"href":"https:\/\/www.mediensindschoen.de\/index.php?rest_route=\/wp\/v2\/users\/1"}],"replies":[{"embeddable":true,"href":"https:\/\/www.mediensindschoen.de\/index.php?rest_route=%2Fwp%2Fv2%2Fcomments&post=234"}],"version-history":[{"count":14,"href":"https:\/\/www.mediensindschoen.de\/index.php?rest_route=\/wp\/v2\/pages\/234\/revisions"}],"predecessor-version":[{"id":923,"href":"https:\/\/www.mediensindschoen.de\/index.php?rest_route=\/wp\/v2\/pages\/234\/revisions\/923"}],"wp:attachment":[{"href":"https:\/\/www.mediensindschoen.de\/index.php?rest_route=%2Fwp%2Fv2%2Fmedia&parent=234"}],"curies":[{"name":"wp","href":"https:\/\/api.w.org\/{rel}","templated":true}]}}