{"id":12,"date":"2011-09-18T18:46:37","date_gmt":"2011-09-18T16:46:37","guid":{"rendered":"http:\/\/www.mediensindschoen.de\/?page_id=12"},"modified":"2019-04-25T21:41:56","modified_gmt":"2019-04-25T19:41:56","slug":"steckbrief","status":"publish","type":"page","link":"https:\/\/www.mediensindschoen.de\/?page_id=12","title":{"rendered":"Steckbrief"},"content":{"rendered":"<p><strong>Christian Sch\u00f6n. Und gut.<\/strong><\/p>\n<p><strong>Profil<\/strong><\/p>\n<ul>\n<li>Diplom-Journalist, Reporter, Autor, Regisseur, Realisator, Texter, Sprecher, Moderator, Trainer, Berater, Sound-Produzent<\/li>\n<li>Ressorts: Medien &amp; Kultur, Medizin &amp; Wissenschaft, Soziales &amp; Panorama, Musik &amp; Leben, Stadtplanung &amp; Wohnen, Umwelt &amp; Bauen<\/li>\n<li>Medien: Fernsehen, Radio, Online, Social Media, Printmagazin<\/li>\n<\/ul>\n<p><strong>\u00a0Elemente<\/strong><\/p>\n<ul>\n<li>Texte: Information und Meinung; tiefe und faktentreue Recherche &#8211; zielgruppengerecht aufbereitet; Unterhaltung und Emotion<\/li>\n<li>Bilder: Regie und Schnitt-Realisation f\u00fcr TV-Berichte, -Dokus, -Reportagen, -Trailer<\/li>\n<li>Konzepte: Ideen, Namen, Leitf\u00e4den u. Expos\u00e9s f\u00fcr Serien, Rubriken u. Sendungen; Beratung<\/li>\n<li>Sounds: On-Air-Design und On-Air-Promotion f\u00fcr Radio und TV; Radio-Werbung<\/li>\n<li>Musik: Musikberatung; Musikjournalismus<\/li>\n<li>Stimme: Sprecher; Moderator<\/li>\n<li>Schulung: Seminare und Workshops zu On-Air-Design und -Promotion, zu journalistischen Themen und Kommunikationstraining<\/li>\n<\/ul>\n<p><strong>Stationen<\/strong><\/p>\n<ul>\n<li>seit 2019 Pressesprecher im Team der Pressestelle der Stadt Dortmund<\/li>\n<li>2010-2019 freier Online-Journalist und Social-Media-Manager bei der WDR Lokalzeit Dortmund<\/li>\n<li>2001-2019 freier Autor u. Reporter (Fernsehen + Radio) f\u00fcr <a title=\"wdr.de\" href=\"http:\/\/www.wdr.de\/\" target=\"_blank\" rel=\"noopener noreferrer\">WDR<\/a>, ARD, Arte: Berichte, Reportagen, Serien, Jingles, Trailer, Dokumentationen (&#8222;markt&#8220;, &#8222;ServiceZeit&#8220;, &#8222;west.art&#8220;, &#8222;cosmo tv&#8220;, &#8222;A40&#8220;, &#8222;wdr.dok&#8220;, &#8222;Planet Schule&#8220;, &#8222;hier und heute&#8220;, &#8222;daheim + unterwegs&#8220;, Aktuelle Stunde, Lokalzeit aus Dortmund\/Duisburg\/Ruhr, WDR 2, WDR 3, WDR 4, WDR 5)<\/li>\n<li>2002-2019 freier Mediensprecher (Sprecher bei Radio + TV, Station-Voice von eldoradio*, Sprecher in Unternehmenspr\u00e4sentationen, Tutorials u. Imagefilmen)<\/li>\n<li>2001-2019 freier Produzent (On-Air-Design, On-Air-Promotion, Radiowerbung, Imagefilme, Webvideos, Unternehmensfilme)<\/li>\n<li>2001-2018 freier Seminarleiter\/Trainer (<a href=\"http:\/\/journalistik.tu-dortmund.de\/\">Institut f. Journalistik a. d. TU DO<\/a>, <a href=\"http:\/\/www.lfm-nrw.de\/\">LfM<\/a>, eldoradio*, CampusRadios NRW, Campus Radios Ruhr)<\/li>\n<li>1999-2019 freier Auftragstexter (u.a. Presseinfos, Brosch\u00fcren, Webtexte u. Selbstdarstellungen f\u00fcr Architekten, Fotografen, Designer)<\/li>\n<li>2007-2009 Musikberatung und Autor f\u00fcr die TV-Sendung &#8222;A40&#8220; (WDR-Ruhrgebiets-Reportagemagazin)<\/li>\n<li>2007 Redakteur in Festanstellung mit Zeitvertrag bei &#8222;Lokalzeit NRW&#8220; (WDR Fernsehen)<\/li>\n<li>2005-2007 Konzeptentwicklung u. Chefredaktion d. Printmagazins <a title=\"Heimatdesign\" href=\"http:\/\/www.heimatdesign.net\" target=\"_blank\" rel=\"noopener noreferrer\">HEIMATDESIGN<\/a> (Auflage: 15.000, Verbreitung: Ruhrgebiet)<\/li>\n<li>2000-2004 Chefredakteur Musik u. Moderator bei <a title=\"eldoradio*\" href=\"http:\/\/www.eldoradio.de\" target=\"_blank\" rel=\"noopener noreferrer\">eldoradio*<\/a>; Initiierung u. Ausbau d. Musiknetzwerkes <a title=\"campuscharts.de\" href=\"http:\/\/www.campuscharts.de\" target=\"_blank\" rel=\"noopener noreferrer\">campuscharts.de<\/a><\/li>\n<li>1998-2001 Volontariat bei RTL; anschl. fester Freier bei RTL Punkt 12<\/li>\n<li>1996-1998 <a title=\"WAZ\/WR\" href=\"http:\/\/www.derwesten.de\" target=\"_blank\" rel=\"noopener noreferrer\">WAZ\/WR L\u00fcnen<\/a>; <a title=\"Radio Essen\" href=\"http:\/\/www.radioessen.de\" target=\"_blank\" rel=\"noopener noreferrer\">Radio Essen<\/a>; <a title=\"Radio 91,2\" href=\"http:\/\/www.radio912.de\/\" target=\"_blank\" rel=\"noopener noreferrer\">Radio 91,2<\/a><\/li>\n<\/ul>\n<p><strong>Studium<\/strong><\/p>\n<p>Technische Universit\u00e4t Dortmund: Journalistik<\/p>\n<ul>\n<li>Abschluss als <strong>Diplom-Journalist<\/strong> (Note: 1,2)<\/li>\n<\/ul>\n<ul>\n<li>Schwerpunkte: Radio, Fernsehen, Online, Mediensystem<\/li>\n<\/ul>\n<ul>\n<li>Diplomarbeit: &#8222;Jinglelingeling und Trailertrallala: Radio und Fernsehen frisch verpackt. Befunde und Analysen, Hintergr\u00fcnde und Entwicklungen, Beobachtungen und Erfahrungen zur Kunst der Verpackung&#8220;<\/li>\n<\/ul>\n<p>Fachhochschule Dortmund: Sozialp\u00e4dagogik<\/p>\n<ul>\n<li>Abschluss als <strong>Diplom-Sozialp\u00e4dagoge<\/strong> (Note: 1,1) (staatliche Anerkennung)<\/li>\n<\/ul>\n<ul>\n<li>Schwerpunkte: Medienp\u00e4dagogik; Psychologie u. Beratung, Erwachsenenbildung<\/li>\n<\/ul>\n<ul>\n<li>Diplomarbeit: &#8222;Macht das Fernsehen aggressiv? Fakten, Analysen, Positionen, Perspektiven zur Diskussion um die Wirkung des Fernsehens&#8220;<\/li>\n<\/ul>\n<p><strong>Fortbildung<\/strong><\/p>\n<p>Teilnahme an diversen Aus-, Fort- u. Weiterbildungen: Stimme u. Sprechen, Moderation, Reportage, Live-Schalten, Text u. Sprache, Recherche, Stilistik, Bildsprache, Magazin, Beitragsabnahme, Der Weg zum Lang-Format, Online-Journalismus, Schreiben f\u00fcrs Netz, Facebook f\u00fcr Profis, Hate Speech &#8211; angeboten von WDR, RTL, LfM, Deutsche H\u00f6rfunkakademie.<\/p>\n","protected":false},"excerpt":{"rendered":"<p>Christian Sch\u00f6n. Und gut. Profil Diplom-Journalist, Reporter, Autor, Regisseur, Realisator, Texter, Sprecher, Moderator, Trainer, Berater, Sound-Produzent Ressorts: Medien &amp; Kultur, Medizin &amp; Wissenschaft, Soziales &amp; Panorama, Musik &amp; Leben, Stadtplanung &amp; Wohnen, Umwelt &amp; Bauen Medien: Fernsehen, Radio, Online, Social&#8230; <a class=\"more-link\" href=\"https:\/\/www.mediensindschoen.de\/?page_id=12\">Weiterlesen &rarr;<\/a><\/p>\n","protected":false},"author":1,"featured_media":0,"parent":0,"menu_order":2,"comment_status":"closed","ping_status":"open","template":"","meta":{"__cvm_playback_settings":[],"__cvm_video_id":""},"_links":{"self":[{"href":"https:\/\/www.mediensindschoen.de\/index.php?rest_route=\/wp\/v2\/pages\/12"}],"collection":[{"href":"https:\/\/www.mediensindschoen.de\/index.php?rest_route=\/wp\/v2\/pages"}],"about":[{"href":"https:\/\/www.mediensindschoen.de\/index.php?rest_route=\/wp\/v2\/types\/page"}],"author":[{"embeddable":true,"href":"https:\/\/www.mediensindschoen.de\/index.php?rest_route=\/wp\/v2\/users\/1"}],"replies":[{"embeddable":true,"href":"https:\/\/www.mediensindschoen.de\/index.php?rest_route=%2Fwp%2Fv2%2Fcomments&post=12"}],"version-history":[{"count":59,"href":"https:\/\/www.mediensindschoen.de\/index.php?rest_route=\/wp\/v2\/pages\/12\/revisions"}],"predecessor-version":[{"id":1038,"href":"https:\/\/www.mediensindschoen.de\/index.php?rest_route=\/wp\/v2\/pages\/12\/revisions\/1038"}],"wp:attachment":[{"href":"https:\/\/www.mediensindschoen.de\/index.php?rest_route=%2Fwp%2Fv2%2Fmedia&parent=12"}],"curies":[{"name":"wp","href":"https:\/\/api.w.org\/{rel}","templated":true}]}}